{"id":720,"date":"2023-02-21T17:51:04","date_gmt":"2023-02-21T16:51:04","guid":{"rendered":"https:\/\/finearttravel.de\/?page_id=720"},"modified":"2023-12-04T16:29:21","modified_gmt":"2023-12-04T15:29:21","slug":"stellenanzeige","status":"publish","type":"page","link":"https:\/\/finearttravel.de\/en\/stellenanzeige\/","title":{"rendered":"Job Offer"},"content":{"rendered":"<div data-elementor-type=\"wp-page\" data-elementor-id=\"720\" class=\"elementor elementor-720\">\n\t\t\t\t\t\t<section class=\"elementor-section elementor-top-section elementor-element elementor-element-1398ca7 elementor-section-boxed elementor-section-height-default elementor-section-height-default\" data-id=\"1398ca7\" data-element_type=\"section\" data-e-type=\"section\">\n\t\t\t\t\t\t<div class=\"elementor-container elementor-column-gap-default\">\n\t\t\t\t\t<div class=\"elementor-column elementor-col-100 elementor-top-column elementor-element elementor-element-e00148a\" data-id=\"e00148a\" data-element_type=\"column\" data-e-type=\"column\">\n\t\t\t<div class=\"elementor-widget-wrap elementor-element-populated\">\n\t\t\t\t\t\t<div class=\"elementor-element elementor-element-7930fff9 elementor-invisible elementor-widget elementor-widget-heading\" data-id=\"7930fff9\" data-element_type=\"widget\" data-e-type=\"widget\" data-settings=\"{&quot;_animation&quot;:&quot;fadeInRight&quot;}\" data-widget_type=\"heading.default\">\n\t\t\t\t<div class=\"elementor-widget-container\">\n\t\t\t\t\t<h1 class=\"elementor-heading-title elementor-size-small\">Job offers<\/h1>\t\t\t\t<\/div>\n\t\t\t\t<\/div>\n\t\t\t\t\t<\/div>\n\t\t<\/div>\n\t\t\t\t\t<\/div>\n\t\t<\/section>\n\t\t\t\t<section class=\"elementor-section elementor-top-section elementor-element elementor-element-3016de25 elementor-section-boxed elementor-section-height-default elementor-section-height-default elementor-invisible\" data-id=\"3016de25\" data-element_type=\"section\" data-e-type=\"section\" data-settings=\"{&quot;animation&quot;:&quot;zoomIn&quot;}\">\n\t\t\t\t\t\t<div class=\"elementor-container elementor-column-gap-default\">\n\t\t\t\t\t<div class=\"elementor-column elementor-col-100 elementor-top-column elementor-element elementor-element-7dfe3c8a\" data-id=\"7dfe3c8a\" data-element_type=\"column\" data-e-type=\"column\">\n\t\t\t<div class=\"elementor-widget-wrap elementor-element-populated\">\n\t\t\t\t\t\t<div class=\"elementor-element elementor-element-df36b64 elementor-invisible elementor-widget elementor-widget-text-editor\" data-id=\"df36b64\" data-element_type=\"widget\" data-e-type=\"widget\" data-settings=\"{&quot;_animation&quot;:&quot;zoomIn&quot;}\" data-widget_type=\"text-editor.default\">\n\t\t\t\t<div class=\"elementor-widget-container\">\n\t\t\t\t\t\t\t\t\t<p style=\"text-align: center;\"><span style=\"color: #bd1323;\">&#8211;<\/span><span style=\"color: #fddd05;\">&#8211;<\/span><span style=\"color: #15973a;\">&#8211;<\/span><\/p>\t\t\t\t\t\t\t\t<\/div>\n\t\t\t\t<\/div>\n\t\t\t\t\t<\/div>\n\t\t<\/div>\n\t\t\t\t\t<\/div>\n\t\t<\/section>\n\t\t\t\t<section class=\"elementor-section elementor-top-section elementor-element elementor-element-dd274a2 elementor-section-boxed elementor-section-height-default elementor-section-height-default\" data-id=\"dd274a2\" data-element_type=\"section\" data-e-type=\"section\">\n\t\t\t\t\t\t<div class=\"elementor-container elementor-column-gap-default\">\n\t\t\t\t\t<div class=\"elementor-column elementor-col-100 elementor-top-column elementor-element elementor-element-ea98f42\" data-id=\"ea98f42\" data-element_type=\"column\" data-e-type=\"column\">\n\t\t\t<div class=\"elementor-widget-wrap elementor-element-populated\">\n\t\t\t\t\t\t<div class=\"elementor-element elementor-element-c91c0bc elementor-widget elementor-widget-text-editor\" data-id=\"c91c0bc\" data-element_type=\"widget\" data-e-type=\"widget\" data-widget_type=\"text-editor.default\">\n\t\t\t\t<div class=\"elementor-widget-container\">\n\t\t\t\t\t\t\t\t\t<h3 style=\"text-align: center;\">\"Come and join us! Here you will find your life position!\"<\/h3><p style=\"text-align: center;\">We are <strong>now <\/strong>looking for:<\/p><p><strong>Driver with european driving licence (class B up to 3.5 t) <\/strong><\/p><p><em>Are you hard-working, committed and willing to learn and perform?<br \/><\/em><em>Do you want to play an active role and enjoy taking on responsibility?<br \/><\/em><em>You know that every success in this world is the result of performance?<\/em><\/p><p>As a delivery driver, you are in constant contact with customers and are the figurehead of our company. Our customers are, for example, renowned auction houses, antique shops, restorers, galleries, private collectors, etc.<\/p><p><strong>Your tasks:<\/strong><\/p><ul><li>Day trips in local and long-distance transport (Germany-wide &amp; neighbouring countries) to deliver to our customers (with local absence from Monday to Friday)<\/li><li>Complete and safe loading and unloading of the delivery vehicle<\/li><li>Varied tasks with lots of customer contact<\/li><li>Proper driving of the delivery vehicle<\/li><li>Delivery according to pre-planned and optimised route plans (with navigation device)<\/li><\/ul><p><strong>This is what we expect from you:<\/strong><\/p><ul><li>You enjoy driving, love to be on the move and have a class B driving licence up to 3.5 t<\/li><li>Ideally, you have some work experience in the area of goods delivery<\/li><li>Completed vocational training is not required<\/li><li>You are enthusiastic about valuable furniture and works of art, enjoy dealing with people and customer satisfaction is your top priority<\/li><li>A friendly and communicative manner is particularly important to you<\/li><li>You are characterised by commitment, conscientiousness and a sense of responsibility<\/li><li>A well-groomed appearance is important to you and you have a good command of written and spoken German<\/li><li>Independent, reliable and customer-orientated working style<\/li><li>Punctuality and the ability to work in a team<\/li><\/ul><p><strong>We offer:<\/strong><\/p><ul><li>A permanent position in our small, family-run company<\/li><li>Performance-related salary with additional allowances and payment of accommodation costs during absence<\/li><li>Modern equipped delivery vehicle (Sprinter class and\/or box van up to 3.49 tonnes)<\/li><li>Good working atmosphere<\/li><li>Open communication and fair co-operation in a motivated team<\/li><li>Intensive familiarisation with the new task and a team that is always available to answer questions<\/li><\/ul><p><strong>By the way:<\/strong><\/p><p style=\"text-align: left;\">We value wisdom, experience and prudence. So please apply even if you belong to the 50+ target group! We look forward to receiving your detailed application documents, stating your earliest possible starting date.<\/p><p>Contact person: Mrs Sharon-Sabrina Freiberg<\/p><p style=\"text-align: center;\"><strong>FineArtTravel GmbH<br \/><\/strong>Westpreu\u00dfenstra\u00dfe 15 A<br \/>21391 Reppenstedt - Germany<br \/>Tel: +49 (0) 4131 \u2013 69 71 200 \/ Fax: +49 (0) 4131 \u2013 69 71 201<br \/><a href=\"https:\/\/finearttravel.de\/en\/\">www.finearttravel.de<br \/><\/a><span id=\"cloakbe73185adbff4d0ee26c9a779009c6bd\"><a href=\"mailto:info@finearttravel.de\">info@finearttravel.de<\/a><\/span><\/p>\t\t\t\t\t\t\t\t<\/div>\n\t\t\t\t<\/div>\n\t\t\t\t\t<\/div>\n\t\t<\/div>\n\t\t\t\t\t<\/div>\n\t\t<\/section>\n\t\t\t\t<section class=\"elementor-section elementor-top-section elementor-element elementor-element-0d20b67 elementor-section-boxed elementor-section-height-default elementor-section-height-default\" data-id=\"0d20b67\" data-element_type=\"section\" data-e-type=\"section\">\n\t\t\t\t\t\t<div class=\"elementor-container elementor-column-gap-default\">\n\t\t\t\t\t<div class=\"elementor-column elementor-col-100 elementor-top-column elementor-element elementor-element-c342127\" data-id=\"c342127\" data-element_type=\"column\" data-e-type=\"column\">\n\t\t\t<div class=\"elementor-widget-wrap elementor-element-populated\">\n\t\t\t\t\t\t<div class=\"elementor-element elementor-element-a141fc4 elementor-widget elementor-widget-spacer\" data-id=\"a141fc4\" data-element_type=\"widget\" data-e-type=\"widget\" data-widget_type=\"spacer.default\">\n\t\t\t\t<div class=\"elementor-widget-container\">\n\t\t\t\t\t\t\t<div class=\"elementor-spacer\">\n\t\t\t<div class=\"elementor-spacer-inner\"><\/div>\n\t\t<\/div>\n\t\t\t\t\t\t<\/div>\n\t\t\t\t<\/div>\n\t\t\t\t\t<\/div>\n\t\t<\/div>\n\t\t\t\t\t<\/div>\n\t\t<\/section>\n\t\t\t\t<\/div>","protected":false},"excerpt":{"rendered":"<p>Stellenangebote &#8212; \u201eKommen Sie zu uns! Hier finden Sie Ihre Lebensstellung!\u201c\u200b Ab sofort suchen wir: Fahrer mit F\u00fchrerschein (Klasse B bis 3,5 t) Sie sind flei\u00dfig, engagiert, lern- und leistungsbereit?Sie wollen sich aktiv einbringen und \u00fcbernehmen gern Verantwortung?Sie wissen, dass jeder Erfolg dieser Welt das Ergebnis von Leistung ist? Als Auslieferungsfahrer haben Sie st\u00e4ndig Kontakt [&hellip;]<\/p>\n","protected":false},"author":3,"featured_media":0,"parent":0,"menu_order":0,"comment_status":"closed","ping_status":"closed","template":"","meta":{"inline_featured_image":false,"ocean_post_layout":"","ocean_both_sidebars_style":"","ocean_both_sidebars_content_width":0,"ocean_both_sidebars_sidebars_width":0,"ocean_sidebar":"0","ocean_second_sidebar":"0","ocean_disable_margins":"on","ocean_add_body_class":"","ocean_shortcode_before_top_bar":"","ocean_shortcode_after_top_bar":"","ocean_shortcode_before_header":"","ocean_shortcode_after_header":"","ocean_has_shortcode":"","ocean_shortcode_after_title":"","ocean_shortcode_before_footer_widgets":"","ocean_shortcode_after_footer_widgets":"","ocean_shortcode_before_footer_bottom":"","ocean_shortcode_after_footer_bottom":"","ocean_display_top_bar":"off","ocean_display_header":"default","ocean_header_style":"","ocean_center_header_left_menu":"0","ocean_custom_header_template":"0","ocean_custom_logo":0,"ocean_custom_retina_logo":0,"ocean_custom_logo_max_width":0,"ocean_custom_logo_tablet_max_width":0,"ocean_custom_logo_mobile_max_width":0,"ocean_custom_logo_max_height":0,"ocean_custom_logo_tablet_max_height":0,"ocean_custom_logo_mobile_max_height":0,"ocean_header_custom_menu":"0","ocean_menu_typo_font_family":"0","ocean_menu_typo_font_subset":"","ocean_menu_typo_font_size":0,"ocean_menu_typo_font_size_tablet":0,"ocean_menu_typo_font_size_mobile":0,"ocean_menu_typo_font_size_unit":"px","ocean_menu_typo_font_weight":"","ocean_menu_typo_font_weight_tablet":"","ocean_menu_typo_font_weight_mobile":"","ocean_menu_typo_transform":"","ocean_menu_typo_transform_tablet":"","ocean_menu_typo_transform_mobile":"","ocean_menu_typo_line_height":0,"ocean_menu_typo_line_height_tablet":0,"ocean_menu_typo_line_height_mobile":0,"ocean_menu_typo_line_height_unit":"","ocean_menu_typo_spacing":0,"ocean_menu_typo_spacing_tablet":0,"ocean_menu_typo_spacing_mobile":0,"ocean_menu_typo_spacing_unit":"","ocean_menu_link_color":"","ocean_menu_link_color_hover":"","ocean_menu_link_color_active":"","ocean_menu_link_background":"","ocean_menu_link_hover_background":"","ocean_menu_link_active_background":"","ocean_menu_social_links_bg":"","ocean_menu_social_hover_links_bg":"","ocean_menu_social_links_color":"","ocean_menu_social_hover_links_color":"","ocean_disable_title":"on","ocean_disable_heading":"default","ocean_post_title":"","ocean_post_subheading":"","ocean_post_title_style":"","ocean_post_title_background_color":"","ocean_post_title_background":0,"ocean_post_title_bg_image_position":"","ocean_post_title_bg_image_attachment":"","ocean_post_title_bg_image_repeat":"","ocean_post_title_bg_image_size":"","ocean_post_title_height":0,"ocean_post_title_bg_overlay":0.5,"ocean_post_title_bg_overlay_color":"","ocean_disable_breadcrumbs":"default","ocean_breadcrumbs_color":"","ocean_breadcrumbs_separator_color":"","ocean_breadcrumbs_links_color":"","ocean_breadcrumbs_links_hover_color":"","ocean_display_footer_widgets":"default","ocean_display_footer_bottom":"default","ocean_custom_footer_template":"0","footnotes":""},"class_list":["post-720","page","type-page","status-publish","hentry","entry"],"yoast_head":"<!-- This site is optimized with the Yoast SEO plugin v27.3 - https:\/\/yoast.com\/product\/yoast-seo-wordpress\/ -->\n<title>Stellenanzeige - FineArtTravel<\/title>\n<meta name=\"description\" content=\"Suchen Sie eine neue Herausforderung und spannende Aufgaben? Bewerben Sie sich noch heute als Speditionsfahrer bei uns!\" \/>\n<meta name=\"robots\" content=\"index, follow, max-snippet:-1, max-image-preview:large, max-video-preview:-1\" \/>\n<link rel=\"canonical\" href=\"https:\/\/finearttravel.de\/en\/stellenanzeige\/\" \/>\n<meta property=\"og:locale\" content=\"en_GB\" \/>\n<meta property=\"og:type\" content=\"article\" \/>\n<meta property=\"og:title\" content=\"Stellenanzeige - FineArtTravel\" \/>\n<meta property=\"og:description\" content=\"Suchen Sie eine neue Herausforderung und spannende Aufgaben? Bewerben Sie sich noch heute als Speditionsfahrer bei uns!\" \/>\n<meta property=\"og:url\" content=\"https:\/\/finearttravel.de\/en\/stellenanzeige\/\" \/>\n<meta property=\"og:site_name\" content=\"FineArtTravel\" \/>\n<meta property=\"article:publisher\" content=\"https:\/\/www.facebook.com\/FineArtTravel\" \/>\n<meta property=\"article:modified_time\" content=\"2023-12-04T15:29:21+00:00\" \/>\n<meta name=\"twitter:card\" content=\"summary_large_image\" \/>\n<meta name=\"twitter:label1\" content=\"Estimated reading time\" \/>\n\t<meta name=\"twitter:data1\" content=\"2 minutes\" \/>\n<script type=\"application\/ld+json\" class=\"yoast-schema-graph\">{\"@context\":\"https:\\\/\\\/schema.org\",\"@graph\":[{\"@type\":\"WebPage\",\"@id\":\"https:\\\/\\\/finearttravel.de\\\/stellenanzeige\\\/\",\"url\":\"https:\\\/\\\/finearttravel.de\\\/stellenanzeige\\\/\",\"name\":\"Stellenanzeige - FineArtTravel\",\"isPartOf\":{\"@id\":\"https:\\\/\\\/finearttravel.de\\\/#website\"},\"datePublished\":\"2023-02-21T16:51:04+00:00\",\"dateModified\":\"2023-12-04T15:29:21+00:00\",\"description\":\"Suchen Sie eine neue Herausforderung und spannende Aufgaben? Bewerben Sie sich noch heute als Speditionsfahrer bei uns!\",\"breadcrumb\":{\"@id\":\"https:\\\/\\\/finearttravel.de\\\/stellenanzeige\\\/#breadcrumb\"},\"inLanguage\":\"en-GB\",\"potentialAction\":[{\"@type\":\"ReadAction\",\"target\":[\"https:\\\/\\\/finearttravel.de\\\/stellenanzeige\\\/\"]}]},{\"@type\":\"BreadcrumbList\",\"@id\":\"https:\\\/\\\/finearttravel.de\\\/stellenanzeige\\\/#breadcrumb\",\"itemListElement\":[{\"@type\":\"ListItem\",\"position\":1,\"name\":\"Startseite\",\"item\":\"https:\\\/\\\/finearttravel.de\\\/\"},{\"@type\":\"ListItem\",\"position\":2,\"name\":\"Stellenanzeige\"}]},{\"@type\":\"WebSite\",\"@id\":\"https:\\\/\\\/finearttravel.de\\\/#website\",\"url\":\"https:\\\/\\\/finearttravel.de\\\/\",\"name\":\"FineArtTravel\",\"description\":\"Internationale Kunstspedition\",\"publisher\":{\"@id\":\"https:\\\/\\\/finearttravel.de\\\/#organization\"},\"potentialAction\":[{\"@type\":\"SearchAction\",\"target\":{\"@type\":\"EntryPoint\",\"urlTemplate\":\"https:\\\/\\\/finearttravel.de\\\/?s={search_term_string}\"},\"query-input\":{\"@type\":\"PropertyValueSpecification\",\"valueRequired\":true,\"valueName\":\"search_term_string\"}}],\"inLanguage\":\"en-GB\"},{\"@type\":\"Organization\",\"@id\":\"https:\\\/\\\/finearttravel.de\\\/#organization\",\"name\":\"FineArtTravel\",\"url\":\"https:\\\/\\\/finearttravel.de\\\/\",\"logo\":{\"@type\":\"ImageObject\",\"inLanguage\":\"en-GB\",\"@id\":\"https:\\\/\\\/finearttravel.de\\\/#\\\/schema\\\/logo\\\/image\\\/\",\"url\":\"https:\\\/\\\/finearttravel.de\\\/wp-content\\\/uploads\\\/2021\\\/12\\\/LOGO-FineArtTravel.png\",\"contentUrl\":\"https:\\\/\\\/finearttravel.de\\\/wp-content\\\/uploads\\\/2021\\\/12\\\/LOGO-FineArtTravel.png\",\"width\":745,\"height\":235,\"caption\":\"FineArtTravel\"},\"image\":{\"@id\":\"https:\\\/\\\/finearttravel.de\\\/#\\\/schema\\\/logo\\\/image\\\/\"},\"sameAs\":[\"https:\\\/\\\/www.facebook.com\\\/FineArtTravel\",\"https:\\\/\\\/www.instagram.com\\\/finearttravel\\\/\",\"https:\\\/\\\/www.youtube.com\\\/channel\\\/UCY-ND4BCiOw412ePm8KEx-w\"]}]}<\/script>\n<!-- \/ Yoast SEO plugin. -->","yoast_head_json":{"title":"Stellenanzeige - FineArtTravel","description":"Suchen Sie eine neue Herausforderung und spannende Aufgaben? Bewerben Sie sich noch heute als Speditionsfahrer bei uns!","robots":{"index":"index","follow":"follow","max-snippet":"max-snippet:-1","max-image-preview":"max-image-preview:large","max-video-preview":"max-video-preview:-1"},"canonical":"https:\/\/finearttravel.de\/en\/stellenanzeige\/","og_locale":"en_GB","og_type":"article","og_title":"Stellenanzeige - FineArtTravel","og_description":"Suchen Sie eine neue Herausforderung und spannende Aufgaben? Bewerben Sie sich noch heute als Speditionsfahrer bei uns!","og_url":"https:\/\/finearttravel.de\/en\/stellenanzeige\/","og_site_name":"FineArtTravel","article_publisher":"https:\/\/www.facebook.com\/FineArtTravel","article_modified_time":"2023-12-04T15:29:21+00:00","twitter_card":"summary_large_image","twitter_misc":{"Estimated reading time":"2 minutes"},"schema":{"@context":"https:\/\/schema.org","@graph":[{"@type":"WebPage","@id":"https:\/\/finearttravel.de\/stellenanzeige\/","url":"https:\/\/finearttravel.de\/stellenanzeige\/","name":"Stellenanzeige - FineArtTravel","isPartOf":{"@id":"https:\/\/finearttravel.de\/#website"},"datePublished":"2023-02-21T16:51:04+00:00","dateModified":"2023-12-04T15:29:21+00:00","description":"Suchen Sie eine neue Herausforderung und spannende Aufgaben? Bewerben Sie sich noch heute als Speditionsfahrer bei uns!","breadcrumb":{"@id":"https:\/\/finearttravel.de\/stellenanzeige\/#breadcrumb"},"inLanguage":"en-GB","potentialAction":[{"@type":"ReadAction","target":["https:\/\/finearttravel.de\/stellenanzeige\/"]}]},{"@type":"BreadcrumbList","@id":"https:\/\/finearttravel.de\/stellenanzeige\/#breadcrumb","itemListElement":[{"@type":"ListItem","position":1,"name":"Startseite","item":"https:\/\/finearttravel.de\/"},{"@type":"ListItem","position":2,"name":"Stellenanzeige"}]},{"@type":"WebSite","@id":"https:\/\/finearttravel.de\/#website","url":"https:\/\/finearttravel.de\/","name":"FineArtTravel","description":"International art shipping company","publisher":{"@id":"https:\/\/finearttravel.de\/#organization"},"potentialAction":[{"@type":"SearchAction","target":{"@type":"EntryPoint","urlTemplate":"https:\/\/finearttravel.de\/?s={search_term_string}"},"query-input":{"@type":"PropertyValueSpecification","valueRequired":true,"valueName":"search_term_string"}}],"inLanguage":"en-GB"},{"@type":"Organization","@id":"https:\/\/finearttravel.de\/#organization","name":"FineArtTravel","url":"https:\/\/finearttravel.de\/","logo":{"@type":"ImageObject","inLanguage":"en-GB","@id":"https:\/\/finearttravel.de\/#\/schema\/logo\/image\/","url":"https:\/\/finearttravel.de\/wp-content\/uploads\/2021\/12\/LOGO-FineArtTravel.png","contentUrl":"https:\/\/finearttravel.de\/wp-content\/uploads\/2021\/12\/LOGO-FineArtTravel.png","width":745,"height":235,"caption":"FineArtTravel"},"image":{"@id":"https:\/\/finearttravel.de\/#\/schema\/logo\/image\/"},"sameAs":["https:\/\/www.facebook.com\/FineArtTravel","https:\/\/www.instagram.com\/finearttravel\/","https:\/\/www.youtube.com\/channel\/UCY-ND4BCiOw412ePm8KEx-w"]}]}},"_links":{"self":[{"href":"https:\/\/finearttravel.de\/en\/wp-json\/wp\/v2\/pages\/720","targetHints":{"allow":["GET"]}}],"collection":[{"href":"https:\/\/finearttravel.de\/en\/wp-json\/wp\/v2\/pages"}],"about":[{"href":"https:\/\/finearttravel.de\/en\/wp-json\/wp\/v2\/types\/page"}],"author":[{"embeddable":true,"href":"https:\/\/finearttravel.de\/en\/wp-json\/wp\/v2\/users\/3"}],"replies":[{"embeddable":true,"href":"https:\/\/finearttravel.de\/en\/wp-json\/wp\/v2\/comments?post=720"}],"version-history":[{"count":34,"href":"https:\/\/finearttravel.de\/en\/wp-json\/wp\/v2\/pages\/720\/revisions"}],"predecessor-version":[{"id":1571,"href":"https:\/\/finearttravel.de\/en\/wp-json\/wp\/v2\/pages\/720\/revisions\/1571"}],"wp:attachment":[{"href":"https:\/\/finearttravel.de\/en\/wp-json\/wp\/v2\/media?parent=720"}],"curies":[{"name":"wp","href":"https:\/\/api.w.org\/{rel}","templated":true}]}}