{"id":12,"date":"2021-12-25T21:58:34","date_gmt":"2021-12-25T20:58:34","guid":{"rendered":"https:\/\/finearttravel.de\/?page_id=12"},"modified":"2024-04-03T15:36:04","modified_gmt":"2024-04-03T13:36:04","slug":"ueber-uns","status":"publish","type":"page","link":"https:\/\/finearttravel.de\/en\/ueber-uns\/","title":{"rendered":"About Us"},"content":{"rendered":"<div data-elementor-type=\"wp-page\" data-elementor-id=\"12\" class=\"elementor elementor-12\">\n\t\t\t\t\t\t<section class=\"elementor-section elementor-top-section elementor-element elementor-element-95487c5 elementor-section-boxed elementor-section-height-default elementor-section-height-default\" data-id=\"95487c5\" data-element_type=\"section\" data-e-type=\"section\">\n\t\t\t\t\t\t<div class=\"elementor-container elementor-column-gap-default\">\n\t\t\t\t\t<div class=\"elementor-column elementor-col-100 elementor-top-column elementor-element elementor-element-d8c9b82\" data-id=\"d8c9b82\" data-element_type=\"column\" data-e-type=\"column\">\n\t\t\t<div class=\"elementor-widget-wrap elementor-element-populated\">\n\t\t\t\t\t\t<div class=\"elementor-element elementor-element-756b502 elementor-invisible elementor-widget elementor-widget-heading\" data-id=\"756b502\" data-element_type=\"widget\" data-e-type=\"widget\" data-settings=\"{&quot;_animation&quot;:&quot;fadeInRight&quot;}\" data-widget_type=\"heading.default\">\n\t\t\t\t<div class=\"elementor-widget-container\">\n\t\t\t\t\t<h1 class=\"elementor-heading-title elementor-size-default\">About Us<\/h1>\t\t\t\t<\/div>\n\t\t\t\t<\/div>\n\t\t\t\t\t<\/div>\n\t\t<\/div>\n\t\t\t\t\t<\/div>\n\t\t<\/section>\n\t\t\t\t<section class=\"elementor-section elementor-top-section elementor-element elementor-element-753662c0 elementor-section-boxed elementor-section-height-default elementor-section-height-default elementor-invisible\" data-id=\"753662c0\" data-element_type=\"section\" data-e-type=\"section\" data-settings=\"{&quot;animation&quot;:&quot;zoomIn&quot;}\">\n\t\t\t\t\t\t<div class=\"elementor-container elementor-column-gap-default\">\n\t\t\t\t\t<div class=\"elementor-column elementor-col-100 elementor-top-column elementor-element elementor-element-55fb0585\" data-id=\"55fb0585\" data-element_type=\"column\" data-e-type=\"column\">\n\t\t\t<div class=\"elementor-widget-wrap elementor-element-populated\">\n\t\t\t\t\t\t<div class=\"elementor-element elementor-element-6ffa5a44 elementor-invisible elementor-widget elementor-widget-text-editor\" data-id=\"6ffa5a44\" data-element_type=\"widget\" data-e-type=\"widget\" data-settings=\"{&quot;_animation&quot;:&quot;zoomIn&quot;}\" data-widget_type=\"text-editor.default\">\n\t\t\t\t<div class=\"elementor-widget-container\">\n\t\t\t\t\t\t\t\t\t<p style=\"text-align: center;\"><span style=\"color: #bd1323;\">&#8211;<\/span><span style=\"color: #fddd05;\">&#8211;<\/span><span style=\"color: #15973a;\">&#8211;<\/span><\/p>\t\t\t\t\t\t\t\t<\/div>\n\t\t\t\t<\/div>\n\t\t\t\t\t<\/div>\n\t\t<\/div>\n\t\t\t\t\t<\/div>\n\t\t<\/section>\n\t\t\t\t<section class=\"elementor-section elementor-top-section elementor-element elementor-element-171cf633 elementor-section-content-middle elementor-section-boxed elementor-section-height-default elementor-section-height-default\" data-id=\"171cf633\" data-element_type=\"section\" data-e-type=\"section\">\n\t\t\t\t\t\t<div class=\"elementor-container elementor-column-gap-no\">\n\t\t\t\t\t<div class=\"elementor-column elementor-col-33 elementor-top-column elementor-element elementor-element-6a546bc2 elementor-invisible\" data-id=\"6a546bc2\" data-element_type=\"column\" data-e-type=\"column\" data-settings=\"{&quot;animation&quot;:&quot;fadeInLeft&quot;}\">\n\t\t\t<div class=\"elementor-widget-wrap elementor-element-populated\">\n\t\t\t\t\t\t<div class=\"elementor-element elementor-element-3115eba5 elementor-widget elementor-widget-text-editor\" data-id=\"3115eba5\" data-element_type=\"widget\" data-e-type=\"widget\" data-widget_type=\"text-editor.default\">\n\t\t\t\t<div class=\"elementor-widget-container\">\n\t\t\t\t\t\t\t\t\t<p>Find out more here...<\/p>\t\t\t\t\t\t\t\t<\/div>\n\t\t\t\t<\/div>\n\t\t\t\t<div class=\"elementor-element elementor-element-1270bb7a elementor-widget elementor-widget-heading\" data-id=\"1270bb7a\" data-element_type=\"widget\" data-e-type=\"widget\" data-widget_type=\"heading.default\">\n\t\t\t\t<div class=\"elementor-widget-container\">\n\t\t\t\t\t<h3 class=\"elementor-heading-title elementor-size-default\">FineArtTravel<\/h3>\t\t\t\t<\/div>\n\t\t\t\t<\/div>\n\t\t\t\t<div class=\"elementor-element elementor-element-37c5cd61 elementor-widget elementor-widget-image\" data-id=\"37c5cd61\" data-element_type=\"widget\" data-e-type=\"widget\" data-widget_type=\"image.default\">\n\t\t\t\t<div class=\"elementor-widget-container\">\n\t\t\t\t\t\t\t\t\t\t\t\t\t\t\t<img fetchpriority=\"high\" decoding=\"async\" width=\"683\" height=\"1024\" src=\"https:\/\/finearttravel.de\/wp-content\/uploads\/2024\/03\/pexels-tima-miroshnichenko-6169026-683x1024.jpg\" class=\"elementor-animation-grow attachment-large size-large wp-image-1803\" alt=\"Ein Regal mit Paketen und Umschl\u00e4gen an einer wei\u00dfen Wand\" srcset=\"https:\/\/finearttravel.de\/wp-content\/uploads\/2024\/03\/pexels-tima-miroshnichenko-6169026-683x1024.jpg 683w, https:\/\/finearttravel.de\/wp-content\/uploads\/2024\/03\/pexels-tima-miroshnichenko-6169026-200x300.jpg 200w, https:\/\/finearttravel.de\/wp-content\/uploads\/2024\/03\/pexels-tima-miroshnichenko-6169026-768x1152.jpg 768w, https:\/\/finearttravel.de\/wp-content\/uploads\/2024\/03\/pexels-tima-miroshnichenko-6169026-1024x1536.jpg 1024w, https:\/\/finearttravel.de\/wp-content\/uploads\/2024\/03\/pexels-tima-miroshnichenko-6169026-1366x2048.jpg 1366w, https:\/\/finearttravel.de\/wp-content\/uploads\/2024\/03\/pexels-tima-miroshnichenko-6169026-8x12.jpg 8w, https:\/\/finearttravel.de\/wp-content\/uploads\/2024\/03\/pexels-tima-miroshnichenko-6169026.jpg 1707w\" sizes=\"(max-width: 683px) 100vw, 683px\" \/>\t\t\t\t\t\t\t\t\t\t\t\t\t\t\t<\/div>\n\t\t\t\t<\/div>\n\t\t\t\t\t<\/div>\n\t\t<\/div>\n\t\t\t\t<div class=\"elementor-column elementor-col-33 elementor-top-column elementor-element elementor-element-569e3f6d elementor-invisible\" data-id=\"569e3f6d\" data-element_type=\"column\" data-e-type=\"column\" data-settings=\"{&quot;animation&quot;:&quot;fadeInDown&quot;}\">\n\t\t\t<div class=\"elementor-widget-wrap elementor-element-populated\">\n\t\t\t\t\t\t<div class=\"elementor-element elementor-element-595d37a elementor-widget elementor-widget-image\" data-id=\"595d37a\" data-element_type=\"widget\" data-e-type=\"widget\" data-widget_type=\"image.default\">\n\t\t\t\t<div class=\"elementor-widget-container\">\n\t\t\t\t\t\t\t\t\t\t\t\t\t\t\t<img decoding=\"async\" width=\"427\" height=\"640\" src=\"https:\/\/finearttravel.de\/wp-content\/uploads\/2022\/01\/Geschaeftsfuehrerin_Sharon-Sabrina_Freiberg.jpeg\" class=\"elementor-animation-grow attachment-large size-large wp-image-130\" alt=\"Gesch\u00e4ftsf\u00fchrerin Sahron-Sabrina Freiberg\" srcset=\"https:\/\/finearttravel.de\/wp-content\/uploads\/2022\/01\/Geschaeftsfuehrerin_Sharon-Sabrina_Freiberg.jpeg 427w, https:\/\/finearttravel.de\/wp-content\/uploads\/2022\/01\/Geschaeftsfuehrerin_Sharon-Sabrina_Freiberg-200x300.jpeg 200w\" sizes=\"(max-width: 427px) 100vw, 427px\" \/>\t\t\t\t\t\t\t\t\t\t\t\t\t\t\t<\/div>\n\t\t\t\t<\/div>\n\t\t\t\t<div class=\"elementor-element elementor-element-55062634 elementor-widget elementor-widget-text-editor\" data-id=\"55062634\" data-element_type=\"widget\" data-e-type=\"widget\" data-widget_type=\"text-editor.default\">\n\t\t\t\t<div class=\"elementor-widget-container\">\n\t\t\t\t\t\t\t\t\t<p>Since our company was founded by the owner in 2019, we have attached great importance to ensuring that our customers are satisfied with our services. We work safely, professionally, personally and discreetly. In the following years, the company has grown steadily. We now employ several people in different departments.\u00a0<\/p>\t\t\t\t\t\t\t\t<\/div>\n\t\t\t\t<\/div>\n\t\t\t\t\t<\/div>\n\t\t<\/div>\n\t\t\t\t<div class=\"elementor-column elementor-col-33 elementor-top-column elementor-element elementor-element-5bd8127d\" data-id=\"5bd8127d\" data-element_type=\"column\" data-e-type=\"column\">\n\t\t\t<div class=\"elementor-widget-wrap elementor-element-populated\">\n\t\t\t\t\t\t<div class=\"elementor-element elementor-element-30a8985 elementor-invisible elementor-widget elementor-widget-text-editor\" data-id=\"30a8985\" data-element_type=\"widget\" data-e-type=\"widget\" data-settings=\"{&quot;_animation&quot;:&quot;fadeInRight&quot;}\" data-widget_type=\"text-editor.default\">\n\t\t\t\t<div class=\"elementor-widget-container\">\n\t\t\t\t\t\t\t\t\t<p>Our customer base includes renowned galleries, international auction houses, collectors and private individuals. Over the years, we have built up many intensive business relationships and trust, from which our future potential customers also benefit.<\/p>\t\t\t\t\t\t\t\t<\/div>\n\t\t\t\t<\/div>\n\t\t\t\t<div class=\"elementor-element elementor-element-2eb332cb elementor-invisible elementor-widget elementor-widget-image\" data-id=\"2eb332cb\" data-element_type=\"widget\" data-e-type=\"widget\" data-settings=\"{&quot;_animation&quot;:&quot;fadeInRight&quot;}\" data-widget_type=\"image.default\">\n\t\t\t\t<div class=\"elementor-widget-container\">\n\t\t\t\t\t\t\t\t\t\t\t\t\t\t\t<img decoding=\"async\" width=\"1707\" height=\"2560\" src=\"https:\/\/finearttravel.de\/wp-content\/uploads\/2024\/03\/pexels-tom-balabaud-1579708.jpg\" class=\"elementor-animation-grow attachment-full size-full wp-image-1804\" alt=\"Viele Bilder an einer Wand mir Menschen und Tieren\" srcset=\"https:\/\/finearttravel.de\/wp-content\/uploads\/2024\/03\/pexels-tom-balabaud-1579708.jpg 1707w, https:\/\/finearttravel.de\/wp-content\/uploads\/2024\/03\/pexels-tom-balabaud-1579708-200x300.jpg 200w, https:\/\/finearttravel.de\/wp-content\/uploads\/2024\/03\/pexels-tom-balabaud-1579708-683x1024.jpg 683w, https:\/\/finearttravel.de\/wp-content\/uploads\/2024\/03\/pexels-tom-balabaud-1579708-768x1152.jpg 768w, https:\/\/finearttravel.de\/wp-content\/uploads\/2024\/03\/pexels-tom-balabaud-1579708-1024x1536.jpg 1024w, https:\/\/finearttravel.de\/wp-content\/uploads\/2024\/03\/pexels-tom-balabaud-1579708-1366x2048.jpg 1366w, https:\/\/finearttravel.de\/wp-content\/uploads\/2024\/03\/pexels-tom-balabaud-1579708-8x12.jpg 8w\" sizes=\"(max-width: 1707px) 100vw, 1707px\" \/>\t\t\t\t\t\t\t\t\t\t\t\t\t\t\t<\/div>\n\t\t\t\t<\/div>\n\t\t\t\t\t<\/div>\n\t\t<\/div>\n\t\t\t\t\t<\/div>\n\t\t<\/section>\n\t\t\t\t<section class=\"elementor-section elementor-top-section elementor-element elementor-element-1ff7cf22 elementor-section-boxed elementor-section-height-default elementor-section-height-default\" data-id=\"1ff7cf22\" data-element_type=\"section\" data-e-type=\"section\">\n\t\t\t\t\t\t<div class=\"elementor-container elementor-column-gap-default\">\n\t\t\t\t\t<div class=\"elementor-column elementor-col-100 elementor-top-column elementor-element elementor-element-68070e90\" data-id=\"68070e90\" data-element_type=\"column\" data-e-type=\"column\">\n\t\t\t<div class=\"elementor-widget-wrap elementor-element-populated\">\n\t\t\t\t\t\t<div class=\"elementor-element elementor-element-5df9382e elementor-align-center elementor-widget elementor-widget-button\" data-id=\"5df9382e\" data-element_type=\"widget\" data-e-type=\"widget\" data-widget_type=\"button.default\">\n\t\t\t\t<div class=\"elementor-widget-container\">\n\t\t\t\t\t\t\t\t\t<div class=\"elementor-button-wrapper\">\n\t\t\t\t\t<a class=\"elementor-button elementor-button-link elementor-size-sm\" href=\"https:\/\/finearttravel.de\/en\/\">\n\t\t\t\t\t\t<span class=\"elementor-button-content-wrapper\">\n\t\t\t\t\t\t\t\t\t<span class=\"elementor-button-text\">Start page<\/span>\n\t\t\t\t\t<\/span>\n\t\t\t\t\t<\/a>\n\t\t\t\t<\/div>\n\t\t\t\t\t\t\t\t<\/div>\n\t\t\t\t<\/div>\n\t\t\t\t\t<\/div>\n\t\t<\/div>\n\t\t\t\t\t<\/div>\n\t\t<\/section>\n\t\t\t\t<section class=\"elementor-section elementor-top-section elementor-element elementor-element-ab5853d elementor-section-boxed elementor-section-height-default elementor-section-height-default\" data-id=\"ab5853d\" data-element_type=\"section\" data-e-type=\"section\">\n\t\t\t\t\t\t<div class=\"elementor-container elementor-column-gap-default\">\n\t\t\t\t\t<div class=\"elementor-column elementor-col-100 elementor-top-column elementor-element elementor-element-16420c0\" data-id=\"16420c0\" data-element_type=\"column\" data-e-type=\"column\">\n\t\t\t<div class=\"elementor-widget-wrap elementor-element-populated\">\n\t\t\t\t\t\t<div class=\"elementor-element elementor-element-de1efb3 elementor-widget elementor-widget-spacer\" data-id=\"de1efb3\" data-element_type=\"widget\" data-e-type=\"widget\" data-widget_type=\"spacer.default\">\n\t\t\t\t<div class=\"elementor-widget-container\">\n\t\t\t\t\t\t\t<div class=\"elementor-spacer\">\n\t\t\t<div class=\"elementor-spacer-inner\"><\/div>\n\t\t<\/div>\n\t\t\t\t\t\t<\/div>\n\t\t\t\t<\/div>\n\t\t\t\t\t<\/div>\n\t\t<\/div>\n\t\t\t\t\t<\/div>\n\t\t<\/section>\n\t\t\t\t<\/div>","protected":false},"excerpt":{"rendered":"<p>\u00dcber uns &#8212; Erfahren Sie hier mehr&#8230; FineArtTravel Seit unser Unternehmen 2019 von der Inhaberin gegr\u00fcndet wurde, legen wir gr\u00f6\u00dften Wert darauf, dass unsere Kunden mit unserer Leistung zufrieden sind. Wir arbeiten sicher, fachgerecht, pers\u00f6nlich und diskret. In den folgenden Jahre ist das Unternehmen stetig gewachsen. Mittlerweile besch\u00e4ftigen wir mehrere Mitarbeiter in unterschiedlichen Abteilungen.\u00a0 Zu [&hellip;]<\/p>\n","protected":false},"author":3,"featured_media":130,"parent":0,"menu_order":0,"comment_status":"closed","ping_status":"closed","template":"","meta":{"inline_featured_image":false,"ocean_post_layout":"full-screen","ocean_both_sidebars_style":"","ocean_both_sidebars_content_width":0,"ocean_both_sidebars_sidebars_width":0,"ocean_sidebar":"0","ocean_second_sidebar":"0","ocean_disable_margins":"on","ocean_add_body_class":"","ocean_shortcode_before_top_bar":"","ocean_shortcode_after_top_bar":"","ocean_shortcode_before_header":"","ocean_shortcode_after_header":"","ocean_has_shortcode":"","ocean_shortcode_after_title":"","ocean_shortcode_before_footer_widgets":"","ocean_shortcode_after_footer_widgets":"","ocean_shortcode_before_footer_bottom":"","ocean_shortcode_after_footer_bottom":"","ocean_display_top_bar":"off","ocean_display_header":"default","ocean_header_style":"","ocean_center_header_left_menu":"0","ocean_custom_header_template":"0","ocean_custom_logo":0,"ocean_custom_retina_logo":0,"ocean_custom_logo_max_width":0,"ocean_custom_logo_tablet_max_width":0,"ocean_custom_logo_mobile_max_width":0,"ocean_custom_logo_max_height":0,"ocean_custom_logo_tablet_max_height":0,"ocean_custom_logo_mobile_max_height":0,"ocean_header_custom_menu":"0","ocean_menu_typo_font_family":"0","ocean_menu_typo_font_subset":"","ocean_menu_typo_font_size":0,"ocean_menu_typo_font_size_tablet":0,"ocean_menu_typo_font_size_mobile":0,"ocean_menu_typo_font_size_unit":"px","ocean_menu_typo_font_weight":"","ocean_menu_typo_font_weight_tablet":"","ocean_menu_typo_font_weight_mobile":"","ocean_menu_typo_transform":"","ocean_menu_typo_transform_tablet":"","ocean_menu_typo_transform_mobile":"","ocean_menu_typo_line_height":0,"ocean_menu_typo_line_height_tablet":0,"ocean_menu_typo_line_height_mobile":0,"ocean_menu_typo_line_height_unit":"","ocean_menu_typo_spacing":0,"ocean_menu_typo_spacing_tablet":0,"ocean_menu_typo_spacing_mobile":0,"ocean_menu_typo_spacing_unit":"","ocean_menu_link_color":"","ocean_menu_link_color_hover":"","ocean_menu_link_color_active":"","ocean_menu_link_background":"","ocean_menu_link_hover_background":"","ocean_menu_link_active_background":"","ocean_menu_social_links_bg":"","ocean_menu_social_hover_links_bg":"","ocean_menu_social_links_color":"","ocean_menu_social_hover_links_color":"","ocean_disable_title":"on","ocean_disable_heading":"default","ocean_post_title":"","ocean_post_subheading":"","ocean_post_title_style":"","ocean_post_title_background_color":"","ocean_post_title_background":0,"ocean_post_title_bg_image_position":"","ocean_post_title_bg_image_attachment":"","ocean_post_title_bg_image_repeat":"","ocean_post_title_bg_image_size":"","ocean_post_title_height":0,"ocean_post_title_bg_overlay":0.5,"ocean_post_title_bg_overlay_color":"","ocean_disable_breadcrumbs":"default","ocean_breadcrumbs_color":"","ocean_breadcrumbs_separator_color":"","ocean_breadcrumbs_links_color":"","ocean_breadcrumbs_links_hover_color":"","ocean_display_footer_widgets":"default","ocean_display_footer_bottom":"default","ocean_custom_footer_template":"0","footnotes":""},"class_list":["post-12","page","type-page","status-publish","has-post-thumbnail","hentry","entry","has-media"],"yoast_head":"<!-- This site is optimized with the Yoast SEO plugin v27.3 - https:\/\/yoast.com\/product\/yoast-seo-wordpress\/ -->\n<title>\u00dcber uns - FineArtTravel<\/title>\n<meta name=\"description\" content=\"Erfahren Sie mehr \u00fcber unsere Erfolgsgeschichte und unsere Kunden. Uns vertrauen gro\u00dfe Auktionsh\u00e4user sowie Privatleute aus ganz Europa!\" \/>\n<meta name=\"robots\" content=\"index, follow, max-snippet:-1, max-image-preview:large, max-video-preview:-1\" \/>\n<link rel=\"canonical\" href=\"https:\/\/finearttravel.de\/en\/ueber-uns\/\" \/>\n<meta property=\"og:locale\" content=\"en_GB\" \/>\n<meta property=\"og:type\" content=\"article\" \/>\n<meta property=\"og:title\" content=\"\u00dcber uns - FineArtTravel\" \/>\n<meta property=\"og:description\" content=\"Erfahren Sie mehr \u00fcber unsere Erfolgsgeschichte und unsere Kunden. Uns vertrauen gro\u00dfe Auktionsh\u00e4user sowie Privatleute aus ganz Europa!\" \/>\n<meta property=\"og:url\" content=\"https:\/\/finearttravel.de\/en\/ueber-uns\/\" \/>\n<meta property=\"og:site_name\" content=\"FineArtTravel\" \/>\n<meta property=\"article:publisher\" content=\"https:\/\/www.facebook.com\/FineArtTravel\" \/>\n<meta property=\"article:modified_time\" content=\"2024-04-03T13:36:04+00:00\" \/>\n<meta property=\"og:image\" content=\"https:\/\/finearttravel.de\/wp-content\/uploads\/2022\/01\/Geschaeftsfuehrerin_Sharon-Sabrina_Freiberg.jpeg\" \/>\n\t<meta property=\"og:image:width\" content=\"427\" \/>\n\t<meta property=\"og:image:height\" content=\"640\" \/>\n\t<meta property=\"og:image:type\" content=\"image\/jpeg\" \/>\n<meta name=\"twitter:card\" content=\"summary_large_image\" \/>\n<meta name=\"twitter:label1\" content=\"Estimated reading time\" \/>\n\t<meta name=\"twitter:data1\" content=\"2 minutes\" \/>\n<script type=\"application\/ld+json\" class=\"yoast-schema-graph\">{\"@context\":\"https:\\\/\\\/schema.org\",\"@graph\":[{\"@type\":\"WebPage\",\"@id\":\"https:\\\/\\\/finearttravel.de\\\/ueber-uns\\\/\",\"url\":\"https:\\\/\\\/finearttravel.de\\\/ueber-uns\\\/\",\"name\":\"\u00dcber uns - FineArtTravel\",\"isPartOf\":{\"@id\":\"https:\\\/\\\/finearttravel.de\\\/#website\"},\"primaryImageOfPage\":{\"@id\":\"https:\\\/\\\/finearttravel.de\\\/ueber-uns\\\/#primaryimage\"},\"image\":{\"@id\":\"https:\\\/\\\/finearttravel.de\\\/ueber-uns\\\/#primaryimage\"},\"thumbnailUrl\":\"https:\\\/\\\/finearttravel.de\\\/wp-content\\\/uploads\\\/2022\\\/01\\\/Geschaeftsfuehrerin_Sharon-Sabrina_Freiberg.jpeg\",\"datePublished\":\"2021-12-25T20:58:34+00:00\",\"dateModified\":\"2024-04-03T13:36:04+00:00\",\"description\":\"Erfahren Sie mehr \u00fcber unsere Erfolgsgeschichte und unsere Kunden. Uns vertrauen gro\u00dfe Auktionsh\u00e4user sowie Privatleute aus ganz Europa!\",\"breadcrumb\":{\"@id\":\"https:\\\/\\\/finearttravel.de\\\/ueber-uns\\\/#breadcrumb\"},\"inLanguage\":\"en-GB\",\"potentialAction\":[{\"@type\":\"ReadAction\",\"target\":[\"https:\\\/\\\/finearttravel.de\\\/ueber-uns\\\/\"]}]},{\"@type\":\"ImageObject\",\"inLanguage\":\"en-GB\",\"@id\":\"https:\\\/\\\/finearttravel.de\\\/ueber-uns\\\/#primaryimage\",\"url\":\"https:\\\/\\\/finearttravel.de\\\/wp-content\\\/uploads\\\/2022\\\/01\\\/Geschaeftsfuehrerin_Sharon-Sabrina_Freiberg.jpeg\",\"contentUrl\":\"https:\\\/\\\/finearttravel.de\\\/wp-content\\\/uploads\\\/2022\\\/01\\\/Geschaeftsfuehrerin_Sharon-Sabrina_Freiberg.jpeg\",\"width\":427,\"height\":640,\"caption\":\"Gesch\u00e4ftsf\u00fchrering Sharon-Sabrina Freiberg\"},{\"@type\":\"BreadcrumbList\",\"@id\":\"https:\\\/\\\/finearttravel.de\\\/ueber-uns\\\/#breadcrumb\",\"itemListElement\":[{\"@type\":\"ListItem\",\"position\":1,\"name\":\"Startseite\",\"item\":\"https:\\\/\\\/finearttravel.de\\\/\"},{\"@type\":\"ListItem\",\"position\":2,\"name\":\"\u00dcber uns\"}]},{\"@type\":\"WebSite\",\"@id\":\"https:\\\/\\\/finearttravel.de\\\/#website\",\"url\":\"https:\\\/\\\/finearttravel.de\\\/\",\"name\":\"FineArtTravel\",\"description\":\"Internationale Kunstspedition\",\"publisher\":{\"@id\":\"https:\\\/\\\/finearttravel.de\\\/#organization\"},\"potentialAction\":[{\"@type\":\"SearchAction\",\"target\":{\"@type\":\"EntryPoint\",\"urlTemplate\":\"https:\\\/\\\/finearttravel.de\\\/?s={search_term_string}\"},\"query-input\":{\"@type\":\"PropertyValueSpecification\",\"valueRequired\":true,\"valueName\":\"search_term_string\"}}],\"inLanguage\":\"en-GB\"},{\"@type\":\"Organization\",\"@id\":\"https:\\\/\\\/finearttravel.de\\\/#organization\",\"name\":\"FineArtTravel\",\"url\":\"https:\\\/\\\/finearttravel.de\\\/\",\"logo\":{\"@type\":\"ImageObject\",\"inLanguage\":\"en-GB\",\"@id\":\"https:\\\/\\\/finearttravel.de\\\/#\\\/schema\\\/logo\\\/image\\\/\",\"url\":\"https:\\\/\\\/finearttravel.de\\\/wp-content\\\/uploads\\\/2021\\\/12\\\/LOGO-FineArtTravel.png\",\"contentUrl\":\"https:\\\/\\\/finearttravel.de\\\/wp-content\\\/uploads\\\/2021\\\/12\\\/LOGO-FineArtTravel.png\",\"width\":745,\"height\":235,\"caption\":\"FineArtTravel\"},\"image\":{\"@id\":\"https:\\\/\\\/finearttravel.de\\\/#\\\/schema\\\/logo\\\/image\\\/\"},\"sameAs\":[\"https:\\\/\\\/www.facebook.com\\\/FineArtTravel\",\"https:\\\/\\\/www.instagram.com\\\/finearttravel\\\/\",\"https:\\\/\\\/www.youtube.com\\\/channel\\\/UCY-ND4BCiOw412ePm8KEx-w\"]}]}<\/script>\n<!-- \/ Yoast SEO plugin. -->","yoast_head_json":{"title":"\u00dcber uns - FineArtTravel","description":"Erfahren Sie mehr \u00fcber unsere Erfolgsgeschichte und unsere Kunden. Uns vertrauen gro\u00dfe Auktionsh\u00e4user sowie Privatleute aus ganz Europa!","robots":{"index":"index","follow":"follow","max-snippet":"max-snippet:-1","max-image-preview":"max-image-preview:large","max-video-preview":"max-video-preview:-1"},"canonical":"https:\/\/finearttravel.de\/en\/ueber-uns\/","og_locale":"en_GB","og_type":"article","og_title":"\u00dcber uns - FineArtTravel","og_description":"Erfahren Sie mehr \u00fcber unsere Erfolgsgeschichte und unsere Kunden. Uns vertrauen gro\u00dfe Auktionsh\u00e4user sowie Privatleute aus ganz Europa!","og_url":"https:\/\/finearttravel.de\/en\/ueber-uns\/","og_site_name":"FineArtTravel","article_publisher":"https:\/\/www.facebook.com\/FineArtTravel","article_modified_time":"2024-04-03T13:36:04+00:00","og_image":[{"width":427,"height":640,"url":"https:\/\/finearttravel.de\/wp-content\/uploads\/2022\/01\/Geschaeftsfuehrerin_Sharon-Sabrina_Freiberg.jpeg","type":"image\/jpeg"}],"twitter_card":"summary_large_image","twitter_misc":{"Estimated reading time":"2 minutes"},"schema":{"@context":"https:\/\/schema.org","@graph":[{"@type":"WebPage","@id":"https:\/\/finearttravel.de\/ueber-uns\/","url":"https:\/\/finearttravel.de\/ueber-uns\/","name":"\u00dcber uns - FineArtTravel","isPartOf":{"@id":"https:\/\/finearttravel.de\/#website"},"primaryImageOfPage":{"@id":"https:\/\/finearttravel.de\/ueber-uns\/#primaryimage"},"image":{"@id":"https:\/\/finearttravel.de\/ueber-uns\/#primaryimage"},"thumbnailUrl":"https:\/\/finearttravel.de\/wp-content\/uploads\/2022\/01\/Geschaeftsfuehrerin_Sharon-Sabrina_Freiberg.jpeg","datePublished":"2021-12-25T20:58:34+00:00","dateModified":"2024-04-03T13:36:04+00:00","description":"Erfahren Sie mehr \u00fcber unsere Erfolgsgeschichte und unsere Kunden. Uns vertrauen gro\u00dfe Auktionsh\u00e4user sowie Privatleute aus ganz Europa!","breadcrumb":{"@id":"https:\/\/finearttravel.de\/ueber-uns\/#breadcrumb"},"inLanguage":"en-GB","potentialAction":[{"@type":"ReadAction","target":["https:\/\/finearttravel.de\/ueber-uns\/"]}]},{"@type":"ImageObject","inLanguage":"en-GB","@id":"https:\/\/finearttravel.de\/ueber-uns\/#primaryimage","url":"https:\/\/finearttravel.de\/wp-content\/uploads\/2022\/01\/Geschaeftsfuehrerin_Sharon-Sabrina_Freiberg.jpeg","contentUrl":"https:\/\/finearttravel.de\/wp-content\/uploads\/2022\/01\/Geschaeftsfuehrerin_Sharon-Sabrina_Freiberg.jpeg","width":427,"height":640,"caption":"Gesch\u00e4ftsf\u00fchrering Sharon-Sabrina Freiberg"},{"@type":"BreadcrumbList","@id":"https:\/\/finearttravel.de\/ueber-uns\/#breadcrumb","itemListElement":[{"@type":"ListItem","position":1,"name":"Startseite","item":"https:\/\/finearttravel.de\/"},{"@type":"ListItem","position":2,"name":"\u00dcber uns"}]},{"@type":"WebSite","@id":"https:\/\/finearttravel.de\/#website","url":"https:\/\/finearttravel.de\/","name":"FineArtTravel","description":"International art shipping company","publisher":{"@id":"https:\/\/finearttravel.de\/#organization"},"potentialAction":[{"@type":"SearchAction","target":{"@type":"EntryPoint","urlTemplate":"https:\/\/finearttravel.de\/?s={search_term_string}"},"query-input":{"@type":"PropertyValueSpecification","valueRequired":true,"valueName":"search_term_string"}}],"inLanguage":"en-GB"},{"@type":"Organization","@id":"https:\/\/finearttravel.de\/#organization","name":"FineArtTravel","url":"https:\/\/finearttravel.de\/","logo":{"@type":"ImageObject","inLanguage":"en-GB","@id":"https:\/\/finearttravel.de\/#\/schema\/logo\/image\/","url":"https:\/\/finearttravel.de\/wp-content\/uploads\/2021\/12\/LOGO-FineArtTravel.png","contentUrl":"https:\/\/finearttravel.de\/wp-content\/uploads\/2021\/12\/LOGO-FineArtTravel.png","width":745,"height":235,"caption":"FineArtTravel"},"image":{"@id":"https:\/\/finearttravel.de\/#\/schema\/logo\/image\/"},"sameAs":["https:\/\/www.facebook.com\/FineArtTravel","https:\/\/www.instagram.com\/finearttravel\/","https:\/\/www.youtube.com\/channel\/UCY-ND4BCiOw412ePm8KEx-w"]}]}},"_links":{"self":[{"href":"https:\/\/finearttravel.de\/en\/wp-json\/wp\/v2\/pages\/12","targetHints":{"allow":["GET"]}}],"collection":[{"href":"https:\/\/finearttravel.de\/en\/wp-json\/wp\/v2\/pages"}],"about":[{"href":"https:\/\/finearttravel.de\/en\/wp-json\/wp\/v2\/types\/page"}],"author":[{"embeddable":true,"href":"https:\/\/finearttravel.de\/en\/wp-json\/wp\/v2\/users\/3"}],"replies":[{"embeddable":true,"href":"https:\/\/finearttravel.de\/en\/wp-json\/wp\/v2\/comments?post=12"}],"version-history":[{"count":145,"href":"https:\/\/finearttravel.de\/en\/wp-json\/wp\/v2\/pages\/12\/revisions"}],"predecessor-version":[{"id":1890,"href":"https:\/\/finearttravel.de\/en\/wp-json\/wp\/v2\/pages\/12\/revisions\/1890"}],"wp:featuredmedia":[{"embeddable":true,"href":"https:\/\/finearttravel.de\/en\/wp-json\/wp\/v2\/media\/130"}],"wp:attachment":[{"href":"https:\/\/finearttravel.de\/en\/wp-json\/wp\/v2\/media?parent=12"}],"curies":[{"name":"wp","href":"https:\/\/api.w.org\/{rel}","templated":true}]}}