{"id":1085,"date":"2023-04-12T12:30:42","date_gmt":"2023-04-12T10:30:42","guid":{"rendered":"https:\/\/finearttravel.de\/?page_id=1085"},"modified":"2025-12-21T22:56:40","modified_gmt":"2025-12-21T21:56:40","slug":"zurueckliegende-touren-2023","status":"publish","type":"page","link":"https:\/\/finearttravel.de\/en\/zurueckliegende-touren-2023\/","title":{"rendered":"Previous Tours 2023"},"content":{"rendered":"<div data-elementor-type=\"wp-page\" data-elementor-id=\"1085\" class=\"elementor elementor-1085\">\n\t\t\t\t\t\t<section class=\"elementor-section elementor-top-section elementor-element elementor-element-1ea0ae2 elementor-section-boxed elementor-section-height-default elementor-section-height-default\" data-id=\"1ea0ae2\" data-element_type=\"section\" data-e-type=\"section\">\n\t\t\t\t\t\t<div class=\"elementor-container elementor-column-gap-default\">\n\t\t\t\t\t<div class=\"elementor-column elementor-col-100 elementor-top-column elementor-element elementor-element-66fc9b0\" data-id=\"66fc9b0\" data-element_type=\"column\" data-e-type=\"column\">\n\t\t\t<div class=\"elementor-widget-wrap elementor-element-populated\">\n\t\t\t\t\t\t<div class=\"elementor-element elementor-element-1b13b48 elementor-widget elementor-widget-heading\" data-id=\"1b13b48\" data-element_type=\"widget\" data-e-type=\"widget\" data-widget_type=\"heading.default\">\n\t\t\t\t<div class=\"elementor-widget-container\">\n\t\t\t\t\t<h2 class=\"elementor-heading-title elementor-size-default\"><span style=\"font-family: Arial, sans-serif;font-size: 35px;font-style: normal;font-weight: 600;text-align: center\">Previous Tours 2023<\/span><\/h2>\t\t\t\t<\/div>\n\t\t\t\t<\/div>\n\t\t\t\t<div class=\"elementor-element elementor-element-ed848a5 elementor-widget elementor-widget-text-editor\" data-id=\"ed848a5\" data-element_type=\"widget\" data-e-type=\"widget\" data-widget_type=\"text-editor.default\">\n\t\t\t\t<div class=\"elementor-widget-container\">\n\t\t\t\t\t\t\t\t\t<p style=\"text-align: center;\"><span style=\"color: #bd1323;\">&#8211;<\/span><span style=\"color: #fddd05;\">&#8211;<\/span><span style=\"color: #15973a;\">&#8211;<\/span><\/p>\t\t\t\t\t\t\t\t<\/div>\n\t\t\t\t<\/div>\n\t\t\t\t<div class=\"elementor-element elementor-element-8d584d1 elementor-widget elementor-widget-heading\" data-id=\"8d584d1\" data-element_type=\"widget\" data-e-type=\"widget\" data-widget_type=\"heading.default\">\n\t\t\t\t<div class=\"elementor-widget-container\">\n\t\t\t\t\t<h3 class=\"elementor-heading-title elementor-size-default\">Overview of previous tours<\/h3>\t\t\t\t<\/div>\n\t\t\t\t<\/div>\n\t\t\t\t<div class=\"elementor-element elementor-element-ebec194 elementor-widget elementor-widget-text-editor\" data-id=\"ebec194\" data-element_type=\"widget\" data-e-type=\"widget\" data-widget_type=\"text-editor.default\">\n\t\t\t\t<div class=\"elementor-widget-container\">\n\t\t\t\t\t\t\t\t\t<p>In der unteren Tabelle sind unsere letzten, bereits durchgef\u00fchrten Transporttermine im Jahr 2023, untergliedert in Kalenderwoche, Datum und Zielorte bzw. L\u00e4nder tabellarisch dargestellt.<\/p>\t\t\t\t\t\t\t\t<\/div>\n\t\t\t\t<\/div>\n\t\t\t\t<div class=\"elementor-element elementor-element-d02e42c elementor-widget elementor-widget-html\" data-id=\"d02e42c\" data-element_type=\"widget\" data-e-type=\"widget\" data-widget_type=\"html.default\">\n\t\t\t\t<div class=\"elementor-widget-container\">\n\t\t\t\t\t<style>\ntable {\n  border-collapse: collapse;\n  border-spacing: 0;\n  width: 100%;\n  border: 1px solid #ddd;\n}\n\nth, td {\n  text-align: left;\n  padding: 8px;\n}\n\ntr:nth-child(even){background-color: #f2f2f2}\n<\/style>\n\n  <table>\n    <tr>\n      <th><b>Calendar week<\/b><\/th>\n      <th><b>Date<\/b><\/th>\n      <th><b>Destinations<\/b><\/th>\n    <\/tr>\n    \n    <tr>\n      <td>cw 29<\/td>\n      <td>17.07. - 21.07.2023<\/td>\n      <td>mestic only (\"backlog\" of additional loads to be processed)<\/td>\n    <\/tr>\n    <tr>\n      <td>cw 30<\/td>\n      <td>24.07. - 28.07.2023<\/td>\n      <td>Northern Germany (including coast) \/ Hesse \/ Southern Germany<\/td>\n    <\/tr>\n    <tr>\n      <td>cw 31<\/td>\n      <td>31.07. - 04.08.2023<\/td>\n      <td>Germany \/ Austria \/ Belgium \/ Northern France<\/td>\n    <\/tr>\n    <tr>\n      <td>cw 32<\/td>\n      <td>07.08. - 11.08.2023<\/td>\n      <td>Belgium \/ Schleswig-Holstein \/ Southern Germany \/ Berlin<\/td>\n    <\/tr>\n     <tr>\n      <td>cw 33<\/td>\n      <td>14.08. - 18.08.2023<\/td>\n      <td>Germany (all over)<\/td>\n    <\/tr>\n    <tr>\n      <td>cw 34<\/td>\n      <td>21.08. - 25.08.2023<\/td>\n      <td>Prague, Vienna, Swiss border area (German side)<\/td>\n    <\/tr>\n    <tr>\n      <td>cw 35<\/td>\n      <td>28.08. - 01.09.2023<\/td>\n      <td>Great Britain<\/td>\n    <\/tr>\n    <tr>\n      <td>cw 36<\/td>\n      <td>04.09. - 08.09.2023<\/td>\n      <td>Paris and the surrounding area<\/td>\n    <\/tr>\n    <tr>\n      <td>cw 37<\/td>\n      <td>11.09. - 15.09.2023<\/td>\n      <td>Northern Germany, Central Germany, Southern Germany<\/td>\n    <\/tr>\n    <tr>\n      <td>cw 38<\/td>\n      <td>18.09. - 22.09.2023<\/td>\n      <td>Belgium \/ Northern France \/ Germany (complete)<\/td>\n    <\/tr>\n    <tr>\n      <td>cw 39<\/td>\n      <td>25.09. - 29.09.2023<\/td>\n      <td>Austria \/ Germany (complete) \/ Netherlands<\/td>\n    <\/tr>\n    <tr>\n      <td>cw 41<\/td>\n      <td>02.10. - 06.10.2023<\/td>\n      <td>Germany (all over)<\/td>\n    <\/tr>\n    <tr>\n      <td>cw 41<\/td>\n      <td>09.10. - 13.10.2023<\/td>\n      <td>Germany (all over)<\/td>\n    <\/tr>\n    <tr>\n      <td>cw 42<\/td>\n      <td>16.10. - 20.10.2023<\/td>\n      <td>Czech Republic \/ Austria \/ Central, South and East Germany<\/td>\n    <\/tr>\n        <tr>\n      <td>cw 43<\/td>\n      <td>23.10. - 27.10.2023<\/td>\n      <td>Western and Southern Germany<\/td>\n    <\/tr>\n    <tr>\n      <td>cw 44<\/td>\n      <td>30.10. - 03.11.2023<\/td>\n      <td>Belgium \/ Netherlands \/ Great Britain<\/td>\n    <\/tr>\n        <tr>\n      <td>cw 45<\/td>\n      <td>06.11. - 10.11.2023<\/td>\n      <td>Northern \/ Eastern \/ Central and Southern Germany<\/td>\n    <\/tr>\n    <tr>\n      <td>cw 46<\/td>\n      <td>13.11. - 17.11.2023<\/td>\n      <td>Beligen \/ Paris + surrounding area \/ Le Mans \/ Nantes \/ Western Germany<\/td>\n    <\/tr>\n     <tr>\n      <td>cw 47<\/td>\n      <td>20.11. - 24.11.2023<\/td>\n      <td>Western, Southern and Eastern Germany \/ Strasbourg \/ L\u00f6rrach (Basel) \/ Austria \/ Slovenia<\/td>\n    <\/tr>\n        <tr>\n      <td>cw 48<\/td>\n      <td>27.11. - 01.12.2023<\/td>\n      <td>Germany (all over)<\/td>\n    <\/tr>\n    <tr>\n      <td>cw 49<\/td>\n      <td>04.12. - 08.12.2023<\/td>\n      <td>Western, Southern and Eastern Germany \/ Austria<\/td>\n    <\/tr>\n        <tr>\n      <td>cw 50<\/td>\n      <td>11.12. - 15.12.2023<\/td>\n      <td>Northern Germany \/ Netherlands \/ Belgium \/ Paris<\/td>\n    <\/tr>\n    <tr>\n      <td>cw 51<\/td>\n      <td>18.12. - 22.12.2023<\/td>\n      <td>Northern\/Western Germany \/ Netherlands \/ Belgium \/ Paris \/ Monaco \/ Italy \/ Switzerland<\/td>\n    <\/tr>\n        <tr>\n      <td>cw 52<\/td>\n      <td>25.12. - 29.12.2023<\/td>\n      <td>No tours - office occupied from 27-29 Dec.<\/td>\n    <\/tr>\n  <\/table>\t\t\t\t<\/div>\n\t\t\t\t<\/div>\n\t\t\t\t<div class=\"elementor-element elementor-element-0a736f8 elementor-align-center elementor-widget elementor-widget-button\" data-id=\"0a736f8\" data-element_type=\"widget\" data-e-type=\"widget\" data-widget_type=\"button.default\">\n\t\t\t\t<div class=\"elementor-widget-container\">\n\t\t\t\t\t\t\t\t\t<div class=\"elementor-button-wrapper\">\n\t\t\t\t\t<a class=\"elementor-button elementor-button-link elementor-size-sm\" href=\"https:\/\/finearttravel.de\/en\/aktuelle-touren-zielorte-daten-vorschau\/\">\n\t\t\t\t\t\t<span class=\"elementor-button-content-wrapper\">\n\t\t\t\t\t\t\t\t\t<span class=\"elementor-button-text\">Current tours<\/span>\n\t\t\t\t\t<\/span>\n\t\t\t\t\t<\/a>\n\t\t\t\t<\/div>\n\t\t\t\t\t\t\t\t<\/div>\n\t\t\t\t<\/div>\n\t\t\t\t<div class=\"elementor-element elementor-element-61b95ff elementor-widget-divider--view-line elementor-widget elementor-widget-divider\" data-id=\"61b95ff\" data-element_type=\"widget\" data-e-type=\"widget\" data-widget_type=\"divider.default\">\n\t\t\t\t<div class=\"elementor-widget-container\">\n\t\t\t\t\t\t\t<div class=\"elementor-divider\">\n\t\t\t<span class=\"elementor-divider-separator\">\n\t\t\t\t\t\t<\/span>\n\t\t<\/div>\n\t\t\t\t\t\t<\/div>\n\t\t\t\t<\/div>\n\t\t\t\t<div class=\"elementor-element elementor-element-1df78b2a elementor-align-center elementor-widget elementor-widget-button\" data-id=\"1df78b2a\" data-element_type=\"widget\" data-e-type=\"widget\" data-widget_type=\"button.default\">\n\t\t\t\t<div class=\"elementor-widget-container\">\n\t\t\t\t\t\t\t\t\t<div class=\"elementor-button-wrapper\">\n\t\t\t\t\t<a class=\"elementor-button elementor-button-link elementor-size-sm\" href=\"https:\/\/finearttravel.de\/en\/\">\n\t\t\t\t\t\t<span class=\"elementor-button-content-wrapper\">\n\t\t\t\t\t\t\t\t\t<span class=\"elementor-button-text\">Start page<\/span>\n\t\t\t\t\t<\/span>\n\t\t\t\t\t<\/a>\n\t\t\t\t<\/div>\n\t\t\t\t\t\t\t\t<\/div>\n\t\t\t\t<\/div>\n\t\t\t\t\t<\/div>\n\t\t<\/div>\n\t\t\t\t\t<\/div>\n\t\t<\/section>\n\t\t\t\t<\/div>","protected":false},"excerpt":{"rendered":"<p>Zur\u00fcckliegende Touren 2023 &#8212; \u00dcbersicht zur\u00fcckliegender Touren In der unteren Tabelle sind unsere letzten, bereits durchgef\u00fchrten Transporttermine im Jahr 2023, untergliedert in Kalenderwoche, Datum und Zielorte bzw. L\u00e4nder tabellarisch dargestellt. Kalenderwoche (KW) Datum Ziele\/Destinations KW 29 17.07. &#8211; 21.07.2023 Nur Inland (\u201eR\u00fcckstand\u201c Beiladungen abarbeiten) KW 30 24.07. &#8211; 28.07.2023 Norddeutschland (inklusive K\u00fcste) \/ Hessen \/ [&hellip;]<\/p>\n","protected":false},"author":3,"featured_media":0,"parent":0,"menu_order":0,"comment_status":"closed","ping_status":"closed","template":"","meta":{"inline_featured_image":false,"ocean_post_layout":"","ocean_both_sidebars_style":"","ocean_both_sidebars_content_width":0,"ocean_both_sidebars_sidebars_width":0,"ocean_sidebar":"0","ocean_second_sidebar":"0","ocean_disable_margins":"on","ocean_add_body_class":"","ocean_shortcode_before_top_bar":"","ocean_shortcode_after_top_bar":"","ocean_shortcode_before_header":"","ocean_shortcode_after_header":"","ocean_has_shortcode":"","ocean_shortcode_after_title":"","ocean_shortcode_before_footer_widgets":"","ocean_shortcode_after_footer_widgets":"","ocean_shortcode_before_footer_bottom":"","ocean_shortcode_after_footer_bottom":"","ocean_display_top_bar":"off","ocean_display_header":"default","ocean_header_style":"","ocean_center_header_left_menu":"0","ocean_custom_header_template":"0","ocean_custom_logo":0,"ocean_custom_retina_logo":0,"ocean_custom_logo_max_width":0,"ocean_custom_logo_tablet_max_width":0,"ocean_custom_logo_mobile_max_width":0,"ocean_custom_logo_max_height":0,"ocean_custom_logo_tablet_max_height":0,"ocean_custom_logo_mobile_max_height":0,"ocean_header_custom_menu":"0","ocean_menu_typo_font_family":"0","ocean_menu_typo_font_subset":"","ocean_menu_typo_font_size":0,"ocean_menu_typo_font_size_tablet":0,"ocean_menu_typo_font_size_mobile":0,"ocean_menu_typo_font_size_unit":"px","ocean_menu_typo_font_weight":"","ocean_menu_typo_font_weight_tablet":"","ocean_menu_typo_font_weight_mobile":"","ocean_menu_typo_transform":"","ocean_menu_typo_transform_tablet":"","ocean_menu_typo_transform_mobile":"","ocean_menu_typo_line_height":0,"ocean_menu_typo_line_height_tablet":0,"ocean_menu_typo_line_height_mobile":0,"ocean_menu_typo_line_height_unit":"","ocean_menu_typo_spacing":0,"ocean_menu_typo_spacing_tablet":0,"ocean_menu_typo_spacing_mobile":0,"ocean_menu_typo_spacing_unit":"","ocean_menu_link_color":"","ocean_menu_link_color_hover":"","ocean_menu_link_color_active":"","ocean_menu_link_background":"","ocean_menu_link_hover_background":"","ocean_menu_link_active_background":"","ocean_menu_social_links_bg":"","ocean_menu_social_hover_links_bg":"","ocean_menu_social_links_color":"","ocean_menu_social_hover_links_color":"","ocean_disable_title":"on","ocean_disable_heading":"default","ocean_post_title":"","ocean_post_subheading":"","ocean_post_title_style":"","ocean_post_title_background_color":"","ocean_post_title_background":0,"ocean_post_title_bg_image_position":"","ocean_post_title_bg_image_attachment":"","ocean_post_title_bg_image_repeat":"","ocean_post_title_bg_image_size":"","ocean_post_title_height":0,"ocean_post_title_bg_overlay":0.5,"ocean_post_title_bg_overlay_color":"","ocean_disable_breadcrumbs":"default","ocean_breadcrumbs_color":"","ocean_breadcrumbs_separator_color":"","ocean_breadcrumbs_links_color":"","ocean_breadcrumbs_links_hover_color":"","ocean_display_footer_widgets":"default","ocean_display_footer_bottom":"default","ocean_custom_footer_template":"0","footnotes":""},"class_list":["post-1085","page","type-page","status-publish","hentry","entry"],"yoast_head":"<!-- This site is optimized with the Yoast SEO plugin v27.3 - https:\/\/yoast.com\/product\/yoast-seo-wordpress\/ -->\n<title>Zur\u00fcckliegende Touren 2023 - FineArtTravel<\/title>\n<meta name=\"description\" content=\"Sie interessiert, wohin wir in den letzten Wochen Ware ausgeliefert haben? Informieren Sie sich auf dieser Seite.\" \/>\n<meta name=\"robots\" content=\"index, follow, max-snippet:-1, max-image-preview:large, max-video-preview:-1\" \/>\n<link rel=\"canonical\" href=\"https:\/\/finearttravel.de\/en\/zurueckliegende-touren-2023\/\" \/>\n<meta property=\"og:locale\" content=\"en_GB\" \/>\n<meta property=\"og:type\" content=\"article\" \/>\n<meta property=\"og:title\" content=\"Zur\u00fcckliegende Touren 2023 - FineArtTravel\" \/>\n<meta property=\"og:description\" content=\"Sie interessiert, wohin wir in den letzten Wochen Ware ausgeliefert haben? Informieren Sie sich auf dieser Seite.\" \/>\n<meta property=\"og:url\" content=\"https:\/\/finearttravel.de\/en\/zurueckliegende-touren-2023\/\" \/>\n<meta property=\"og:site_name\" content=\"FineArtTravel\" \/>\n<meta property=\"article:publisher\" content=\"https:\/\/www.facebook.com\/FineArtTravel\" \/>\n<meta property=\"article:modified_time\" content=\"2025-12-21T21:56:40+00:00\" \/>\n<meta name=\"twitter:card\" content=\"summary_large_image\" \/>\n<meta name=\"twitter:label1\" content=\"Estimated reading time\" \/>\n\t<meta name=\"twitter:data1\" content=\"2 minutes\" \/>\n<script type=\"application\/ld+json\" class=\"yoast-schema-graph\">{\"@context\":\"https:\\\/\\\/schema.org\",\"@graph\":[{\"@type\":\"WebPage\",\"@id\":\"https:\\\/\\\/finearttravel.de\\\/zurueckliegende-touren-2023\\\/\",\"url\":\"https:\\\/\\\/finearttravel.de\\\/zurueckliegende-touren-2023\\\/\",\"name\":\"Zur\u00fcckliegende Touren 2023 - FineArtTravel\",\"isPartOf\":{\"@id\":\"https:\\\/\\\/finearttravel.de\\\/#website\"},\"datePublished\":\"2023-04-12T10:30:42+00:00\",\"dateModified\":\"2025-12-21T21:56:40+00:00\",\"description\":\"Sie interessiert, wohin wir in den letzten Wochen Ware ausgeliefert haben? Informieren Sie sich auf dieser Seite.\",\"breadcrumb\":{\"@id\":\"https:\\\/\\\/finearttravel.de\\\/zurueckliegende-touren-2023\\\/#breadcrumb\"},\"inLanguage\":\"en-GB\",\"potentialAction\":[{\"@type\":\"ReadAction\",\"target\":[\"https:\\\/\\\/finearttravel.de\\\/zurueckliegende-touren-2023\\\/\"]}]},{\"@type\":\"BreadcrumbList\",\"@id\":\"https:\\\/\\\/finearttravel.de\\\/zurueckliegende-touren-2023\\\/#breadcrumb\",\"itemListElement\":[{\"@type\":\"ListItem\",\"position\":1,\"name\":\"Startseite\",\"item\":\"https:\\\/\\\/finearttravel.de\\\/\"},{\"@type\":\"ListItem\",\"position\":2,\"name\":\"Zur\u00fcckliegende Touren 2023\"}]},{\"@type\":\"WebSite\",\"@id\":\"https:\\\/\\\/finearttravel.de\\\/#website\",\"url\":\"https:\\\/\\\/finearttravel.de\\\/\",\"name\":\"FineArtTravel\",\"description\":\"Internationale Kunstspedition\",\"publisher\":{\"@id\":\"https:\\\/\\\/finearttravel.de\\\/#organization\"},\"potentialAction\":[{\"@type\":\"SearchAction\",\"target\":{\"@type\":\"EntryPoint\",\"urlTemplate\":\"https:\\\/\\\/finearttravel.de\\\/?s={search_term_string}\"},\"query-input\":{\"@type\":\"PropertyValueSpecification\",\"valueRequired\":true,\"valueName\":\"search_term_string\"}}],\"inLanguage\":\"en-GB\"},{\"@type\":\"Organization\",\"@id\":\"https:\\\/\\\/finearttravel.de\\\/#organization\",\"name\":\"FineArtTravel\",\"url\":\"https:\\\/\\\/finearttravel.de\\\/\",\"logo\":{\"@type\":\"ImageObject\",\"inLanguage\":\"en-GB\",\"@id\":\"https:\\\/\\\/finearttravel.de\\\/#\\\/schema\\\/logo\\\/image\\\/\",\"url\":\"https:\\\/\\\/finearttravel.de\\\/wp-content\\\/uploads\\\/2021\\\/12\\\/LOGO-FineArtTravel.png\",\"contentUrl\":\"https:\\\/\\\/finearttravel.de\\\/wp-content\\\/uploads\\\/2021\\\/12\\\/LOGO-FineArtTravel.png\",\"width\":745,\"height\":235,\"caption\":\"FineArtTravel\"},\"image\":{\"@id\":\"https:\\\/\\\/finearttravel.de\\\/#\\\/schema\\\/logo\\\/image\\\/\"},\"sameAs\":[\"https:\\\/\\\/www.facebook.com\\\/FineArtTravel\",\"https:\\\/\\\/www.instagram.com\\\/finearttravel\\\/\",\"https:\\\/\\\/www.youtube.com\\\/channel\\\/UCY-ND4BCiOw412ePm8KEx-w\"]}]}<\/script>\n<!-- \/ Yoast SEO plugin. -->","yoast_head_json":{"title":"Zur\u00fcckliegende Touren 2023 - FineArtTravel","description":"Sie interessiert, wohin wir in den letzten Wochen Ware ausgeliefert haben? Informieren Sie sich auf dieser Seite.","robots":{"index":"index","follow":"follow","max-snippet":"max-snippet:-1","max-image-preview":"max-image-preview:large","max-video-preview":"max-video-preview:-1"},"canonical":"https:\/\/finearttravel.de\/en\/zurueckliegende-touren-2023\/","og_locale":"en_GB","og_type":"article","og_title":"Zur\u00fcckliegende Touren 2023 - FineArtTravel","og_description":"Sie interessiert, wohin wir in den letzten Wochen Ware ausgeliefert haben? Informieren Sie sich auf dieser Seite.","og_url":"https:\/\/finearttravel.de\/en\/zurueckliegende-touren-2023\/","og_site_name":"FineArtTravel","article_publisher":"https:\/\/www.facebook.com\/FineArtTravel","article_modified_time":"2025-12-21T21:56:40+00:00","twitter_card":"summary_large_image","twitter_misc":{"Estimated reading time":"2 minutes"},"schema":{"@context":"https:\/\/schema.org","@graph":[{"@type":"WebPage","@id":"https:\/\/finearttravel.de\/zurueckliegende-touren-2023\/","url":"https:\/\/finearttravel.de\/zurueckliegende-touren-2023\/","name":"Zur\u00fcckliegende Touren 2023 - FineArtTravel","isPartOf":{"@id":"https:\/\/finearttravel.de\/#website"},"datePublished":"2023-04-12T10:30:42+00:00","dateModified":"2025-12-21T21:56:40+00:00","description":"Sie interessiert, wohin wir in den letzten Wochen Ware ausgeliefert haben? Informieren Sie sich auf dieser Seite.","breadcrumb":{"@id":"https:\/\/finearttravel.de\/zurueckliegende-touren-2023\/#breadcrumb"},"inLanguage":"en-GB","potentialAction":[{"@type":"ReadAction","target":["https:\/\/finearttravel.de\/zurueckliegende-touren-2023\/"]}]},{"@type":"BreadcrumbList","@id":"https:\/\/finearttravel.de\/zurueckliegende-touren-2023\/#breadcrumb","itemListElement":[{"@type":"ListItem","position":1,"name":"Startseite","item":"https:\/\/finearttravel.de\/"},{"@type":"ListItem","position":2,"name":"Zur\u00fcckliegende Touren 2023"}]},{"@type":"WebSite","@id":"https:\/\/finearttravel.de\/#website","url":"https:\/\/finearttravel.de\/","name":"FineArtTravel","description":"International art shipping company","publisher":{"@id":"https:\/\/finearttravel.de\/#organization"},"potentialAction":[{"@type":"SearchAction","target":{"@type":"EntryPoint","urlTemplate":"https:\/\/finearttravel.de\/?s={search_term_string}"},"query-input":{"@type":"PropertyValueSpecification","valueRequired":true,"valueName":"search_term_string"}}],"inLanguage":"en-GB"},{"@type":"Organization","@id":"https:\/\/finearttravel.de\/#organization","name":"FineArtTravel","url":"https:\/\/finearttravel.de\/","logo":{"@type":"ImageObject","inLanguage":"en-GB","@id":"https:\/\/finearttravel.de\/#\/schema\/logo\/image\/","url":"https:\/\/finearttravel.de\/wp-content\/uploads\/2021\/12\/LOGO-FineArtTravel.png","contentUrl":"https:\/\/finearttravel.de\/wp-content\/uploads\/2021\/12\/LOGO-FineArtTravel.png","width":745,"height":235,"caption":"FineArtTravel"},"image":{"@id":"https:\/\/finearttravel.de\/#\/schema\/logo\/image\/"},"sameAs":["https:\/\/www.facebook.com\/FineArtTravel","https:\/\/www.instagram.com\/finearttravel\/","https:\/\/www.youtube.com\/channel\/UCY-ND4BCiOw412ePm8KEx-w"]}]}},"_links":{"self":[{"href":"https:\/\/finearttravel.de\/en\/wp-json\/wp\/v2\/pages\/1085","targetHints":{"allow":["GET"]}}],"collection":[{"href":"https:\/\/finearttravel.de\/en\/wp-json\/wp\/v2\/pages"}],"about":[{"href":"https:\/\/finearttravel.de\/en\/wp-json\/wp\/v2\/types\/page"}],"author":[{"embeddable":true,"href":"https:\/\/finearttravel.de\/en\/wp-json\/wp\/v2\/users\/3"}],"replies":[{"embeddable":true,"href":"https:\/\/finearttravel.de\/en\/wp-json\/wp\/v2\/comments?post=1085"}],"version-history":[{"count":75,"href":"https:\/\/finearttravel.de\/en\/wp-json\/wp\/v2\/pages\/1085\/revisions"}],"predecessor-version":[{"id":2253,"href":"https:\/\/finearttravel.de\/en\/wp-json\/wp\/v2\/pages\/1085\/revisions\/2253"}],"wp:attachment":[{"href":"https:\/\/finearttravel.de\/en\/wp-json\/wp\/v2\/media?parent=1085"}],"curies":[{"name":"wp","href":"https:\/\/api.w.org\/{rel}","templated":true}]}}